{"id":2828,"date":"2023-10-24T11:18:34","date_gmt":"2023-10-24T09:18:34","guid":{"rendered":"https:\/\/www.espertitalia.it\/?page_id=2828"},"modified":"2026-03-23T11:33:45","modified_gmt":"2026-03-23T10:33:45","slug":"chi-siamo","status":"publish","type":"page","link":"https:\/\/www.espertitalia.it\/en\/chi-siamo\/","title":{"rendered":"Chi siamo"},"content":{"rendered":"<div data-elementor-type=\"wp-page\" data-elementor-id=\"2828\" class=\"elementor elementor-2828\" data-elementor-settings=\"{&quot;ha_cmc_init_switcher&quot;:&quot;no&quot;}\" data-elementor-post-type=\"page\">\n\t\t\t\t<div class=\"elementor-element elementor-element-6e735b0 e-con-full e-flex e-con e-parent\" data-id=\"6e735b0\" data-element_type=\"container\" data-e-type=\"container\">\n\t\t<div class=\"elementor-element elementor-element-0b25f72 e-con-full e-flex e-con e-child\" data-id=\"0b25f72\" data-element_type=\"container\" data-e-type=\"container\" data-settings=\"{&quot;background_background&quot;:&quot;classic&quot;}\">\n\t\t\t\t<div class=\"elementor-element elementor-element-d24e1d6 elementor-widget elementor-widget-heading\" data-id=\"d24e1d6\" data-element_type=\"widget\" data-e-type=\"widget\" data-widget_type=\"heading.default\">\n\t\t\t\t<div class=\"elementor-widget-container\">\n\t\t\t\t\t<h6 class=\"elementor-heading-title elementor-size-default\">ESPERTITALIA<\/h6>\t\t\t\t<\/div>\n\t\t\t\t<\/div>\n\t\t\t\t<div class=\"elementor-element elementor-element-997070a elementor-headline--style-highlight elementor-widget elementor-widget-animated-headline\" data-id=\"997070a\" data-element_type=\"widget\" data-e-type=\"widget\" data-settings=\"{&quot;highlighted_text&quot;:&quot;Significato&quot;,&quot;highlight_iteration_delay&quot;:2500,&quot;marker&quot;:&quot;underline_zigzag&quot;,&quot;highlight_animation_duration&quot;:1500,&quot;headline_style&quot;:&quot;highlight&quot;,&quot;loop&quot;:&quot;yes&quot;}\" data-widget_type=\"animated-headline.default\">\n\t\t\t\t<div class=\"elementor-widget-container\">\n\t\t\t\t\t\t\t<h1 class=\"elementor-headline\">\n\t\t\t\t\t<span class=\"elementor-headline-plain-text elementor-headline-text-wrapper\">Dove la connessione ha un<br><\/span>\n\t\t\t\t<span class=\"elementor-headline-dynamic-wrapper elementor-headline-text-wrapper\">\n\t\t\t\t\t<span class=\"elementor-headline-dynamic-text elementor-headline-text-active\">Significato<\/span>\n\t\t\t\t<\/span>\n\t\t\t\t<\/h1>\n\t\t\t\t\t\t<\/div>\n\t\t\t\t<\/div>\n\t\t\t\t<\/div>\n\t\t\t\t<\/div>\n\t\t<div class=\"elementor-element elementor-element-79c4071 e-con-full e-flex e-con e-parent\" data-id=\"79c4071\" data-element_type=\"container\" data-e-type=\"container\">\n\t\t<div class=\"elementor-element elementor-element-4cfa053 e-flex e-con-boxed e-con e-child\" data-id=\"4cfa053\" data-element_type=\"container\" data-e-type=\"container\">\n\t\t\t\t\t<div class=\"e-con-inner\">\n\t\t\t\t<div class=\"elementor-element elementor-element-09ee110 elementor-widget elementor-widget-heading\" data-id=\"09ee110\" data-element_type=\"widget\" data-e-type=\"widget\" data-widget_type=\"heading.default\">\n\t\t\t\t<div class=\"elementor-widget-container\">\n\t\t\t\t\t<h4 class=\"elementor-heading-title elementor-size-default\">Siamo Espertitalia, la piattaforma pi\u00f9 affidabile per connettere i bisogni di persone vere con esperti veri. <\/h4>\t\t\t\t<\/div>\n\t\t\t\t<\/div>\n\t\t\t\t\t<\/div>\n\t\t\t\t<\/div>\n\t\t<div class=\"elementor-element elementor-element-576de9f e-con-full e-flex e-con e-child\" data-id=\"576de9f\" data-element_type=\"container\" data-e-type=\"container\">\n\t\t\t\t<div class=\"elementor-element elementor-element-d599dff elementor-headline--style-highlight elementor-widget elementor-widget-animated-headline\" data-id=\"d599dff\" data-element_type=\"widget\" data-e-type=\"widget\" data-settings=\"{&quot;highlighted_text&quot;:&quot;risultati&quot;,&quot;highlight_iteration_delay&quot;:2500,&quot;highlight_animation_duration&quot;:1500,&quot;headline_style&quot;:&quot;highlight&quot;,&quot;marker&quot;:&quot;circle&quot;,&quot;loop&quot;:&quot;yes&quot;}\" data-widget_type=\"animated-headline.default\">\n\t\t\t\t<div class=\"elementor-widget-container\">\n\t\t\t\t\t\t\t<h3 class=\"elementor-headline\">\n\t\t\t\t\t<span class=\"elementor-headline-plain-text elementor-headline-text-wrapper\">I <\/span>\n\t\t\t\t<span class=\"elementor-headline-dynamic-wrapper elementor-headline-text-wrapper\">\n\t\t\t\t\t<span class=\"elementor-headline-dynamic-text elementor-headline-text-active\">risultati<\/span>\n\t\t\t\t<\/span>\n\t\t\t\t\t<span class=\"elementor-headline-plain-text elementor-headline-text-wrapper\">del mese<\/span>\n\t\t\t\t\t<\/h3>\n\t\t\t\t\t\t<\/div>\n\t\t\t\t<\/div>\n\t\t\t\t<div class=\"elementor-element elementor-element-ef9fb48 elementor-widget elementor-widget-image\" data-id=\"ef9fb48\" data-element_type=\"widget\" data-e-type=\"widget\" data-settings=\"{&quot;motion_fx_motion_fx_mouse&quot;:&quot;yes&quot;,&quot;motion_fx_mouseTrack_effect&quot;:&quot;yes&quot;,&quot;motion_fx_mouseTrack_speed&quot;:{&quot;unit&quot;:&quot;px&quot;,&quot;size&quot;:0.5,&quot;sizes&quot;:[]},&quot;_animation&quot;:&quot;none&quot;}\" data-widget_type=\"image.default\">\n\t\t\t\t<div class=\"elementor-widget-container\">\n\t\t\t\t\t\t\t\t\t\t\t\t\t\t\t<img fetchpriority=\"high\" decoding=\"async\" width=\"281\" height=\"184\" src=\"https:\/\/www.espertitalia.it\/wp-content\/uploads\/2023\/10\/freccia_arricciata_giu.svg\" class=\"attachment-full size-full wp-image-1866\" alt=\"\" \/>\t\t\t\t\t\t\t\t\t\t\t\t\t\t\t<\/div>\n\t\t\t\t<\/div>\n\t\t\t\t<\/div>\n\t\t<div class=\"elementor-element elementor-element-7c5bad6 e-flex e-con-boxed e-con e-child\" data-id=\"7c5bad6\" data-element_type=\"container\" data-e-type=\"container\">\n\t\t\t\t\t<div class=\"e-con-inner\">\n\t\t<div class=\"elementor-element elementor-element-dd33607 e-con-full e-flex e-con e-child\" data-id=\"dd33607\" data-element_type=\"container\" data-e-type=\"container\" data-settings=\"{&quot;background_background&quot;:&quot;classic&quot;}\">\n\t\t\t\t<div class=\"elementor-element elementor-element-93ade06 elementor-widget__width-inherit elementor-widget elementor-widget-counter\" data-id=\"93ade06\" data-element_type=\"widget\" data-e-type=\"widget\" data-widget_type=\"counter.default\">\n\t\t\t\t<div class=\"elementor-widget-container\">\n\t\t\t\t\t\t\t<div class=\"elementor-counter\">\n\t\t\t<div class=\"elementor-counter-title\">Visitatori<\/div>\t\t\t<div class=\"elementor-counter-number-wrapper\">\n\t\t\t\t<span class=\"elementor-counter-number-prefix\"><\/span>\n\t\t\t\t<span class=\"elementor-counter-number\" data-duration=\"2000\" data-to-value=\"6\" data-from-value=\"0\" data-delimiter=\".\">0<\/span>\n\t\t\t\t<span class=\"elementor-counter-number-suffix\">K<\/span>\n\t\t\t<\/div>\n\t\t<\/div>\n\t\t\t\t\t\t<\/div>\n\t\t\t\t<\/div>\n\t\t\t\t<\/div>\n\t\t<div class=\"elementor-element elementor-element-35c04d0 e-con-full e-flex e-con e-child\" data-id=\"35c04d0\" data-element_type=\"container\" data-e-type=\"container\" data-settings=\"{&quot;background_background&quot;:&quot;classic&quot;}\">\n\t\t<div class=\"elementor-element elementor-element-4969c0b e-con-full e-flex e-con e-child\" data-id=\"4969c0b\" data-element_type=\"container\" data-e-type=\"container\">\n\t\t\t\t<div class=\"elementor-element elementor-element-6c7d202 elementor-widget__width-inherit elementor-widget elementor-widget-counter\" data-id=\"6c7d202\" data-element_type=\"widget\" data-e-type=\"widget\" data-widget_type=\"counter.default\">\n\t\t\t\t<div class=\"elementor-widget-container\">\n\t\t\t\t\t\t\t<div class=\"elementor-counter\">\n\t\t\t<div class=\"elementor-counter-title\">Visualizzazioni<\/div>\t\t\t<div class=\"elementor-counter-number-wrapper\">\n\t\t\t\t<span class=\"elementor-counter-number-prefix\"><\/span>\n\t\t\t\t<span class=\"elementor-counter-number\" data-duration=\"2000\" data-to-value=\"150\" data-from-value=\"0\" data-delimiter=\".\">0<\/span>\n\t\t\t\t<span class=\"elementor-counter-number-suffix\">K<\/span>\n\t\t\t<\/div>\n\t\t<\/div>\n\t\t\t\t\t\t<\/div>\n\t\t\t\t<\/div>\n\t\t\t\t<\/div>\n\t\t\t\t<\/div>\n\t\t<div class=\"elementor-element elementor-element-e466dd7 e-con-full e-flex e-con e-child\" data-id=\"e466dd7\" data-element_type=\"container\" data-e-type=\"container\" data-settings=\"{&quot;background_background&quot;:&quot;classic&quot;}\">\n\t\t<div class=\"elementor-element elementor-element-9abbac3 e-con-full e-flex e-con e-child\" data-id=\"9abbac3\" data-element_type=\"container\" data-e-type=\"container\">\n\t\t\t\t<div class=\"elementor-element elementor-element-500d472 elementor-widget__width-inherit elementor-widget elementor-widget-counter\" data-id=\"500d472\" data-element_type=\"widget\" data-e-type=\"widget\" data-widget_type=\"counter.default\">\n\t\t\t\t<div class=\"elementor-widget-container\">\n\t\t\t\t\t\t\t<div class=\"elementor-counter\">\n\t\t\t<div class=\"elementor-counter-title\">Nuovi Clienti<\/div>\t\t\t<div class=\"elementor-counter-number-wrapper\">\n\t\t\t\t<span class=\"elementor-counter-number-prefix\"><\/span>\n\t\t\t\t<span class=\"elementor-counter-number\" data-duration=\"2000\" data-to-value=\"200\" data-from-value=\"0\" data-delimiter=\".\">0<\/span>\n\t\t\t\t<span class=\"elementor-counter-number-suffix\">+<\/span>\n\t\t\t<\/div>\n\t\t<\/div>\n\t\t\t\t\t\t<\/div>\n\t\t\t\t<\/div>\n\t\t\t\t<\/div>\n\t\t\t\t<\/div>\n\t\t<div class=\"elementor-element elementor-element-588c7b3 e-con-full e-flex e-con e-child\" data-id=\"588c7b3\" data-element_type=\"container\" data-e-type=\"container\" data-settings=\"{&quot;background_background&quot;:&quot;classic&quot;}\">\n\t\t<div class=\"elementor-element elementor-element-f695322 e-con-full e-flex e-con e-child\" data-id=\"f695322\" data-element_type=\"container\" data-e-type=\"container\">\n\t\t\t\t<div class=\"elementor-element elementor-element-2bfa7ed elementor-widget__width-inherit elementor-widget elementor-widget-counter\" data-id=\"2bfa7ed\" data-element_type=\"widget\" data-e-type=\"widget\" data-widget_type=\"counter.default\">\n\t\t\t\t<div class=\"elementor-widget-container\">\n\t\t\t\t\t\t\t<div class=\"elementor-counter\">\n\t\t\t<div class=\"elementor-counter-title\">Engagement<\/div>\t\t\t<div class=\"elementor-counter-number-wrapper\">\n\t\t\t\t<span class=\"elementor-counter-number-prefix\"><\/span>\n\t\t\t\t<span class=\"elementor-counter-number\" data-duration=\"2000\" data-to-value=\"50\" data-from-value=\"0\" data-delimiter=\".\">0<\/span>\n\t\t\t\t<span class=\"elementor-counter-number-suffix\">%<\/span>\n\t\t\t<\/div>\n\t\t<\/div>\n\t\t\t\t\t\t<\/div>\n\t\t\t\t<\/div>\n\t\t\t\t<\/div>\n\t\t\t\t<\/div>\n\t\t\t\t\t<\/div>\n\t\t\t\t<\/div>\n\t\t\t\t<\/div>\n\t\t<div class=\"elementor-element elementor-element-39dd763 e-flex e-con-boxed e-con e-child\" data-id=\"39dd763\" data-element_type=\"container\" data-e-type=\"container\">\n\t\t\t\t\t<div class=\"e-con-inner\">\n\t\t<div class=\"elementor-element elementor-element-aab4700 e-con-full e-flex e-con e-child\" data-id=\"aab4700\" data-element_type=\"container\" data-e-type=\"container\">\n\t\t<div class=\"elementor-element elementor-element-f1f012c e-con-full e-flex e-con e-child\" data-id=\"f1f012c\" data-element_type=\"container\" data-e-type=\"container\">\n\t\t\t\t<div class=\"elementor-element elementor-element-62578a7 elementor-widget elementor-widget-heading\" data-id=\"62578a7\" data-element_type=\"widget\" data-e-type=\"widget\" data-widget_type=\"heading.default\">\n\t\t\t\t<div class=\"elementor-widget-container\">\n\t\t\t\t\t<h6 class=\"elementor-heading-title elementor-size-default\">Chi l\u2019ha detto che una grande azienda \u00e8 migliore di una pi\u00f9 piccola?<\/h6>\t\t\t\t<\/div>\n\t\t\t\t<\/div>\n\t\t\t\t<\/div>\n\t\t<div class=\"elementor-element elementor-element-21fca76 e-con-full e-flex e-con e-child\" data-id=\"21fca76\" data-element_type=\"container\" data-e-type=\"container\">\n\t\t\t\t<div class=\"elementor-element elementor-element-a7aad9c elementor-widget elementor-widget-text-editor\" data-id=\"a7aad9c\" data-element_type=\"widget\" data-e-type=\"widget\" data-widget_type=\"text-editor.default\">\n\t\t\t\t<div class=\"elementor-widget-container\">\n\t\t\t\t\t\t\t\t\t<p>Sosteniamo le piccole e medie imprese perch\u00e9 crediamo nella qualit\u00e0 e nel bene collettivo. Ogni azienda merita la possibilit\u00e0 di crescere e prosperare.\u00a0Anche il player pi\u00f9 piccolo ha qualcosa di unico da offrire!<br>Costruiamo insieme un futuro in cui sono le connessioni significative e le scelte informate ad assicurare il successo.<\/p>\t\t\t\t\t\t\t\t<\/div>\n\t\t\t\t<\/div>\n\t\t\t\t<\/div>\n\t\t\t\t<\/div>\n\t\t<div class=\"elementor-element elementor-element-9d4b6c9 e-con-full e-flex e-con e-child\" data-id=\"9d4b6c9\" data-element_type=\"container\" data-e-type=\"container\">\n\t\t<div class=\"elementor-element elementor-element-5076260 e-con-full e-flex e-con e-child\" data-id=\"5076260\" data-element_type=\"container\" data-e-type=\"container\">\n\t\t\t\t<div class=\"elementor-element elementor-element-a4cfb0d elementor-widget elementor-widget-heading\" data-id=\"a4cfb0d\" data-element_type=\"widget\" data-e-type=\"widget\" data-widget_type=\"heading.default\">\n\t\t\t\t<div class=\"elementor-widget-container\">\n\t\t\t\t\t<h6 class=\"elementor-heading-title elementor-size-default\">Quelli di cui hai bisogno, quando ne hai bisogno<\/h6>\t\t\t\t<\/div>\n\t\t\t\t<\/div>\n\t\t\t\t<\/div>\n\t\t<div class=\"elementor-element elementor-element-6ffb7d3 e-con-full e-flex e-con e-child\" data-id=\"6ffb7d3\" data-element_type=\"container\" data-e-type=\"container\">\n\t\t\t\t<div class=\"elementor-element elementor-element-1b61d3a elementor-widget elementor-widget-text-editor\" data-id=\"1b61d3a\" data-element_type=\"widget\" data-e-type=\"widget\" data-widget_type=\"text-editor.default\">\n\t\t\t\t<div class=\"elementor-widget-container\">\n\t\t\t\t\t\t\t\t\t<p>La piattaforma ospita esperti di ogni campo, pronti a risolvere qualsiasi problema con approcci su misura.<br \/>Ogni professionista viene sottoposto ad un\u2019accurata verifica, per garantire ai nostri utenti un servizio sicuro, non solo rapido.<\/p>\t\t\t\t\t\t\t\t<\/div>\n\t\t\t\t<\/div>\n\t\t\t\t<\/div>\n\t\t\t\t<\/div>\n\t\t\t\t\t<\/div>\n\t\t\t\t<\/div>\n\t\t<div class=\"elementor-element elementor-element-a268d00 e-flex e-con-boxed e-con e-child\" data-id=\"a268d00\" data-element_type=\"container\" data-e-type=\"container\">\n\t\t\t\t\t<div class=\"e-con-inner\">\n\t\t<div class=\"elementor-element elementor-element-8805b12 e-con-full e-flex e-con e-child\" data-id=\"8805b12\" data-element_type=\"container\" data-e-type=\"container\" data-settings=\"{&quot;background_background&quot;:&quot;classic&quot;}\">\n\t\t<div class=\"elementor-element elementor-element-6f4f308 e-con-full e-flex e-con e-child\" data-id=\"6f4f308\" data-element_type=\"container\" data-e-type=\"container\">\n\t\t\t\t<div class=\"elementor-element elementor-element-6cf90b1 elementor-widget__width-inherit elementor-widget elementor-widget-heading\" data-id=\"6cf90b1\" data-element_type=\"widget\" data-e-type=\"widget\" data-widget_type=\"heading.default\">\n\t\t\t\t<div class=\"elementor-widget-container\">\n\t\t\t\t\t<h6 class=\"elementor-heading-title elementor-size-default\">Perch\u00e9 si diventa Esperti?<\/h6>\t\t\t\t<\/div>\n\t\t\t\t<\/div>\n\t\t\t\t<div class=\"elementor-element elementor-element-62ab37a elementor-widget elementor-widget-text-editor\" data-id=\"62ab37a\" data-element_type=\"widget\" data-e-type=\"widget\" data-widget_type=\"text-editor.default\">\n\t\t\t\t<div class=\"elementor-widget-container\">\n\t\t\t\t\t\t\t\t\t<p>Chi ci sceglie lo fa perch\u00e9 il nostro modo di fare comunicazione \u00e8 mirato e costruito su misura.<br \/>Tutti i professionisti presenti sulla piattaforma hanno a disposizione uno spazio comunicativo studiato per le loro necessit\u00e0. Possono presentare la propria attivit\u00e0 al meglio, grazie a una scheda compilata da professionisti, ottimizzata per la user experience e per i motori di ricerca.<br \/>Ma il nostro servizio non si limita a questo. Garantiamo un\u2019assistenza tecnica attenta e tempestiva nella risoluzione di qualsiasi problema!<\/p>\t\t\t\t\t\t\t\t<\/div>\n\t\t\t\t<\/div>\n\t\t\t\t<\/div>\n\t\t\t\t<\/div>\n\t\t<div class=\"elementor-element elementor-element-1daf91d e-con-full e-flex e-con e-child\" data-id=\"1daf91d\" data-element_type=\"container\" data-e-type=\"container\" data-settings=\"{&quot;background_background&quot;:&quot;classic&quot;}\">\n\t\t\t\t<div class=\"elementor-element elementor-element-d0ffd0a elementor-hidden-tablet elementor-widget elementor-widget-image\" data-id=\"d0ffd0a\" data-element_type=\"widget\" data-e-type=\"widget\" data-widget_type=\"image.default\">\n\t\t\t\t<div class=\"elementor-widget-container\">\n\t\t\t\t\t\t\t\t\t\t\t\t\t\t\t<img decoding=\"async\" width=\"1500\" height=\"1500\" src=\"https:\/\/www.espertitalia.it\/wp-content\/uploads\/2023\/10\/espertitalia_chi_siamo_immagine_esperti.jpg\" class=\"attachment-full size-full wp-image-2962\" alt=\"\" srcset=\"https:\/\/www.espertitalia.it\/wp-content\/uploads\/2023\/10\/espertitalia_chi_siamo_immagine_esperti.jpg 1500w, https:\/\/www.espertitalia.it\/wp-content\/uploads\/2023\/10\/espertitalia_chi_siamo_immagine_esperti-300x300.jpg 300w, https:\/\/www.espertitalia.it\/wp-content\/uploads\/2023\/10\/espertitalia_chi_siamo_immagine_esperti-1024x1024.jpg 1024w, https:\/\/www.espertitalia.it\/wp-content\/uploads\/2023\/10\/espertitalia_chi_siamo_immagine_esperti-150x150.jpg 150w, https:\/\/www.espertitalia.it\/wp-content\/uploads\/2023\/10\/espertitalia_chi_siamo_immagine_esperti-768x768.jpg 768w, https:\/\/www.espertitalia.it\/wp-content\/uploads\/2023\/10\/espertitalia_chi_siamo_immagine_esperti-12x12.jpg 12w, https:\/\/www.espertitalia.it\/wp-content\/uploads\/2023\/10\/espertitalia_chi_siamo_immagine_esperti-590x590.jpg 590w, https:\/\/www.espertitalia.it\/wp-content\/uploads\/2023\/10\/espertitalia_chi_siamo_immagine_esperti-670x670.jpg 670w, https:\/\/www.espertitalia.it\/wp-content\/uploads\/2023\/10\/espertitalia_chi_siamo_immagine_esperti-577x577.jpg 577w, https:\/\/www.espertitalia.it\/wp-content\/uploads\/2023\/10\/espertitalia_chi_siamo_immagine_esperti-1200x1200.jpg 1200w, https:\/\/www.espertitalia.it\/wp-content\/uploads\/2023\/10\/espertitalia_chi_siamo_immagine_esperti-200x200.jpg 200w\" sizes=\"(max-width: 1500px) 100vw, 1500px\" \/>\t\t\t\t\t\t\t\t\t\t\t\t\t\t\t<\/div>\n\t\t\t\t<\/div>\n\t\t\t\t<\/div>\n\t\t\t\t\t<\/div>\n\t\t\t\t<\/div>\n\t\t<div class=\"elementor-element elementor-element-b1c10e9 e-flex e-con-boxed e-con e-parent\" data-id=\"b1c10e9\" data-element_type=\"container\" data-e-type=\"container\">\n\t\t\t\t\t<div class=\"e-con-inner\">\n\t\t<div class=\"elementor-element elementor-element-6f6a7e0 e-con-full e-flex e-con e-child\" data-id=\"6f6a7e0\" data-element_type=\"container\" data-e-type=\"container\">\n\t\t\t\t<div class=\"elementor-element elementor-element-67cd517 elementor-widget-laptop__width-auto elementor-headline--style-highlight elementor-widget elementor-widget-animated-headline\" data-id=\"67cd517\" data-element_type=\"widget\" data-e-type=\"widget\" data-settings=\"{&quot;highlighted_text&quot;:&quot;Ricerche efficaci&quot;,&quot;highlight_iteration_delay&quot;:2500,&quot;highlight_animation_duration&quot;:1500,&quot;headline_style&quot;:&quot;highlight&quot;,&quot;marker&quot;:&quot;circle&quot;,&quot;loop&quot;:&quot;yes&quot;}\" data-widget_type=\"animated-headline.default\">\n\t\t\t\t<div class=\"elementor-widget-container\">\n\t\t\t\t\t\t\t<h3 class=\"elementor-headline\">\n\t\t\t\t\t<span class=\"elementor-headline-plain-text elementor-headline-text-wrapper\">Ricerche rapide,<\/span>\n\t\t\t\t<span class=\"elementor-headline-dynamic-wrapper elementor-headline-text-wrapper\">\n\t\t\t\t\t<span class=\"elementor-headline-dynamic-text elementor-headline-text-active\">Ricerche efficaci<\/span>\n\t\t\t\t<\/span>\n\t\t\t\t<\/h3>\n\t\t\t\t\t\t<\/div>\n\t\t\t\t<\/div>\n\t\t\t\t<\/div>\n\t\t<div class=\"elementor-element elementor-element-0cabb04 e-con-full e-flex e-con e-child\" data-id=\"0cabb04\" data-element_type=\"container\" data-e-type=\"container\">\n\t\t\t\t<div class=\"elementor-element elementor-element-9514f01 elementor-widget elementor-widget-text-editor\" data-id=\"9514f01\" data-element_type=\"widget\" data-e-type=\"widget\" data-widget_type=\"text-editor.default\">\n\t\t\t\t<div class=\"elementor-widget-container\">\n\t\t\t\t\t\t\t\t\t<p>Sosteniamo le piccole e medie imprese perch\u00e9 crediamo nella qualit\u00e0 e nel bene collettivo. Ogni azienda merita la possibilit\u00e0 di crescere e prosperare.\u00a0Anche il player pi\u00f9 piccolo ha qualcosa di unico da offrire!<br \/>Costruiamo insieme un futuro in cui sono le connessioni significative e le scelte informate ad assicurare il successo.<br \/>Scopri tutte le categorie di Esperti presenti sulla Piattaforma!<\/p>\t\t\t\t\t\t\t\t<\/div>\n\t\t\t\t<\/div>\n\t\t\t\t<\/div>\n\t\t<div data-ha-element-link=\"{&quot;url&quot;:&quot;https:\\\/\\\/www.espertitalia.it\\\/settori\\\/&quot;,&quot;is_external&quot;:&quot;&quot;,&quot;nofollow&quot;:&quot;&quot;}\" style=\"cursor: pointer\" class=\"elementor-element elementor-element-242720e e-con-full e-flex e-con e-child\" data-id=\"242720e\" data-element_type=\"container\" data-e-type=\"container\" data-settings=\"{&quot;background_background&quot;:&quot;classic&quot;}\">\n\t\t\t\t<div class=\"elementor-element elementor-element-7dda95a elementor-widget elementor-widget-heading\" data-id=\"7dda95a\" data-element_type=\"widget\" data-e-type=\"widget\" data-widget_type=\"heading.default\">\n\t\t\t\t<div class=\"elementor-widget-container\">\n\t\t\t\t\t<span class=\"elementor-heading-title elementor-size-default\">CONOSCI GLI ESPERTI<\/span>\t\t\t\t<\/div>\n\t\t\t\t<\/div>\n\t\t\t\t<div class=\"elementor-element elementor-element-65b51c7 elementor-view-default elementor-widget elementor-widget-icon\" data-id=\"65b51c7\" data-element_type=\"widget\" data-e-type=\"widget\" data-widget_type=\"icon.default\">\n\t\t\t\t<div class=\"elementor-widget-container\">\n\t\t\t\t\t\t\t<div class=\"elementor-icon-wrapper\">\n\t\t\t<div class=\"elementor-icon\">\n\t\t\t<i aria-hidden=\"true\" class=\"uic ms-Icon--ArrowUpRight8\"><\/i>\t\t\t<\/div>\n\t\t<\/div>\n\t\t\t\t\t\t<\/div>\n\t\t\t\t<\/div>\n\t\t\t\t<\/div>\n\t\t\t\t\t<\/div>\n\t\t\t\t<\/div>\n\t\t\t\t<\/div>","protected":false},"excerpt":{"rendered":"<p>ESPERTITALIA Dove la connessione ha un Significato Siamo Espertitalia, la piattaforma pi\u00f9 affidabile per connettere i bisogni di persone vere con esperti veri. I risultati del mese Visitatori 0 K Visualizzazioni 0 K Nuovi Clienti 0 + Engagement 0 % Chi l\u2019ha detto che una grande azienda \u00e8 migliore di una pi\u00f9 piccola? Sosteniamo le [&hellip;]<\/p>\n","protected":false},"author":1,"featured_media":0,"parent":0,"menu_order":0,"comment_status":"closed","ping_status":"closed","template":"elementor_header_footer","meta":{"_monsterinsights_skip_tracking":false,"_monsterinsights_sitenote_active":false,"_monsterinsights_sitenote_note":"","_monsterinsights_sitenote_category":0,"footnotes":""},"class_list":["post-2828","page","type-page","status-publish","hentry"],"aioseo_notices":[],"_links":{"self":[{"href":"https:\/\/www.espertitalia.it\/en\/wp-json\/wp\/v2\/pages\/2828","targetHints":{"allow":["GET"]}}],"collection":[{"href":"https:\/\/www.espertitalia.it\/en\/wp-json\/wp\/v2\/pages"}],"about":[{"href":"https:\/\/www.espertitalia.it\/en\/wp-json\/wp\/v2\/types\/page"}],"author":[{"embeddable":true,"href":"https:\/\/www.espertitalia.it\/en\/wp-json\/wp\/v2\/users\/1"}],"replies":[{"embeddable":true,"href":"https:\/\/www.espertitalia.it\/en\/wp-json\/wp\/v2\/comments?post=2828"}],"version-history":[{"count":3,"href":"https:\/\/www.espertitalia.it\/en\/wp-json\/wp\/v2\/pages\/2828\/revisions"}],"predecessor-version":[{"id":52066,"href":"https:\/\/www.espertitalia.it\/en\/wp-json\/wp\/v2\/pages\/2828\/revisions\/52066"}],"wp:attachment":[{"href":"https:\/\/www.espertitalia.it\/en\/wp-json\/wp\/v2\/media?parent=2828"}],"curies":[{"name":"wp","href":"https:\/\/api.w.org\/{rel}","templated":true}]}}